{"id":2,"date":"2024-08-26T23:19:09","date_gmt":"2024-08-26T23:19:09","guid":{"rendered":"https:\/\/limpezasmagicas.pt\/?page_id=2"},"modified":"2025-03-03T14:32:13","modified_gmt":"2025-03-03T14:32:13","slug":"servicos-de-limpezas","status":"publish","type":"page","link":"https:\/\/limpezasmagicas.pt\/?page_id=2","title":{"rendered":"Servi\u00e7os de Limpeza"},"content":{"rendered":"\n<p>Cansada de chegar do trabalho e ainda ter de tratar a casa? Farta de desperdi\u00e7ar um dos dias do fim-de-semana a limpar o p\u00f3 e a aspirar? Os servi\u00e7os de limpezas  das LIMPEZAS M\u00c1GICAS s\u00e3o a solu\u00e7\u00e3o que procura. Estamos aqui para a ajudar a ter mais tempo livre para si e para os que mais ama. Voc\u00ea merece!<\/p>\n\n\n\n<p>Disponibilizamos uma equipa de profissionais id\u00f3neos e com forma\u00e7\u00e3o para limpar a sua casa, de acordo com as suas necessidades. Ao in\u00edcio, e para que se sinta mais confort\u00e1vel, as nossas colaboradoras s\u00e3o acompanhadas por uma Supervisora que garante a qualidade do servi\u00e7o.<\/p>\n\n\n\n<p><\/p>\n\n\n\n<p><\/p>\n","protected":false},"excerpt":{"rendered":"<p>Cansada de chegar do trabalho e ainda ter de tratar a casa? Farta de desperdi\u00e7ar um dos dias do fim-de-semana a limpar o p\u00f3 e a aspirar? Os servi\u00e7os de limpezas das LIMPEZAS M\u00c1GICAS s\u00e3o a solu\u00e7\u00e3o que procura. Estamos aqui para a ajudar a ter mais tempo livre para si e para os que [&hellip;]<\/p>\n","protected":false},"author":1,"featured_media":0,"parent":0,"menu_order":0,"comment_status":"closed","ping_status":"closed","template":"","meta":{"footnotes":""},"class_list":["post-2","page","type-page","status-publish","hentry"],"yoast_head":"<!-- This site is optimized with the Yoast SEO plugin v23.7 - https:\/\/yoast.com\/wordpress\/plugins\/seo\/ -->\n<title>Servi\u00e7os de Limpeza - Limpezas Magicas<\/title>\n<meta name=\"description\" content=\"Cansada de chegar do trabalho e ainda ter de tratar a casa? Os servi\u00e7os de limpezas para particulares e empresas das LIMPEZAS M\u00c1GICAS s\u00e3o a solu\u00e7\u00e3o que procura. Disponibilizamos uma equipa de profissionais id\u00f3neos e com forma\u00e7\u00e3o para limpar a sua casa. Odivelas, Almada e Lisboa\" \/>\n<meta name=\"robots\" content=\"index, follow, max-snippet:-1, max-image-preview:large, max-video-preview:-1\" \/>\n<link rel=\"canonical\" href=\"https:\/\/limpezasmagicas.pt\/?page_id=2\" \/>\n<meta property=\"og:locale\" content=\"en_US\" \/>\n<meta property=\"og:type\" content=\"article\" \/>\n<meta property=\"og:title\" content=\"Servi\u00e7os de Limpeza - Limpezas Magicas\" \/>\n<meta property=\"og:description\" content=\"Cansada de chegar do trabalho e ainda ter de tratar a casa? Os servi\u00e7os de limpezas para particulares e empresas das LIMPEZAS M\u00c1GICAS s\u00e3o a solu\u00e7\u00e3o que procura. Disponibilizamos uma equipa de profissionais id\u00f3neos e com forma\u00e7\u00e3o para limpar a sua casa. Odivelas, Almada e Lisboa\" \/>\n<meta property=\"og:url\" content=\"https:\/\/limpezasmagicas.pt\/?page_id=2\" \/>\n<meta property=\"og:site_name\" content=\"Limpezas Magicas\" \/>\n<meta property=\"article:modified_time\" content=\"2025-03-03T14:32:13+00:00\" \/>\n<meta name=\"twitter:card\" content=\"summary_large_image\" \/>\n<meta name=\"twitter:label1\" content=\"Est. reading time\" \/>\n\t<meta name=\"twitter:data1\" content=\"1 minute\" \/>\n<script type=\"application\/ld+json\" class=\"yoast-schema-graph\">{\"@context\":\"https:\/\/schema.org\",\"@graph\":[{\"@type\":\"WebPage\",\"@id\":\"https:\/\/limpezasmagicas.pt\/?page_id=2\",\"url\":\"https:\/\/limpezasmagicas.pt\/?page_id=2\",\"name\":\"Servi\u00e7os de Limpeza - Limpezas Magicas\",\"isPartOf\":{\"@id\":\"https:\/\/limpezasmagicas.pt\/#website\"},\"datePublished\":\"2024-08-26T23:19:09+00:00\",\"dateModified\":\"2025-03-03T14:32:13+00:00\",\"description\":\"Cansada de chegar do trabalho e ainda ter de tratar a casa? Os servi\u00e7os de limpezas para particulares e empresas das LIMPEZAS M\u00c1GICAS s\u00e3o a solu\u00e7\u00e3o que procura. Disponibilizamos uma equipa de profissionais id\u00f3neos e com forma\u00e7\u00e3o para limpar a sua casa. Odivelas, Almada e Lisboa\",\"breadcrumb\":{\"@id\":\"https:\/\/limpezasmagicas.pt\/?page_id=2#breadcrumb\"},\"inLanguage\":\"en-US\",\"potentialAction\":[{\"@type\":\"ReadAction\",\"target\":[\"https:\/\/limpezasmagicas.pt\/?page_id=2\"]}]},{\"@type\":\"BreadcrumbList\",\"@id\":\"https:\/\/limpezasmagicas.pt\/?page_id=2#breadcrumb\",\"itemListElement\":[{\"@type\":\"ListItem\",\"position\":1,\"name\":\"Home\",\"item\":\"https:\/\/limpezasmagicas.pt\/\"},{\"@type\":\"ListItem\",\"position\":2,\"name\":\"Servi\u00e7os de Limpeza\"}]},{\"@type\":\"WebSite\",\"@id\":\"https:\/\/limpezasmagicas.pt\/#website\",\"url\":\"https:\/\/limpezasmagicas.pt\/\",\"name\":\"Limpezas Magicas\",\"description\":\"\",\"publisher\":{\"@id\":\"https:\/\/limpezasmagicas.pt\/#organization\"},\"potentialAction\":[{\"@type\":\"SearchAction\",\"target\":{\"@type\":\"EntryPoint\",\"urlTemplate\":\"https:\/\/limpezasmagicas.pt\/?s={search_term_string}\"},\"query-input\":{\"@type\":\"PropertyValueSpecification\",\"valueRequired\":true,\"valueName\":\"search_term_string\"}}],\"inLanguage\":\"en-US\"},{\"@type\":\"Organization\",\"@id\":\"https:\/\/limpezasmagicas.pt\/#organization\",\"name\":\"Limpezas Magicas\",\"url\":\"https:\/\/limpezasmagicas.pt\/\",\"logo\":{\"@type\":\"ImageObject\",\"inLanguage\":\"en-US\",\"@id\":\"https:\/\/limpezasmagicas.pt\/#\/schema\/logo\/image\/\",\"url\":\"https:\/\/limpezasmagicas.pt\/wp-content\/uploads\/2024\/08\/limpezasmagicas_transparent.png\",\"contentUrl\":\"https:\/\/limpezasmagicas.pt\/wp-content\/uploads\/2024\/08\/limpezasmagicas_transparent.png\",\"width\":1280,\"height\":1024,\"caption\":\"Limpezas Magicas\"},\"image\":{\"@id\":\"https:\/\/limpezasmagicas.pt\/#\/schema\/logo\/image\/\"}}]}<\/script>\n<!-- \/ Yoast SEO plugin. -->","yoast_head_json":{"title":"Servi\u00e7os de Limpeza - Limpezas Magicas","description":"Cansada de chegar do trabalho e ainda ter de tratar a casa? Os servi\u00e7os de limpezas para particulares e empresas das LIMPEZAS M\u00c1GICAS s\u00e3o a solu\u00e7\u00e3o que procura. Disponibilizamos uma equipa de profissionais id\u00f3neos e com forma\u00e7\u00e3o para limpar a sua casa. Odivelas, Almada e Lisboa","robots":{"index":"index","follow":"follow","max-snippet":"max-snippet:-1","max-image-preview":"max-image-preview:large","max-video-preview":"max-video-preview:-1"},"canonical":"https:\/\/limpezasmagicas.pt\/?page_id=2","og_locale":"en_US","og_type":"article","og_title":"Servi\u00e7os de Limpeza - Limpezas Magicas","og_description":"Cansada de chegar do trabalho e ainda ter de tratar a casa? Os servi\u00e7os de limpezas para particulares e empresas das LIMPEZAS M\u00c1GICAS s\u00e3o a solu\u00e7\u00e3o que procura. Disponibilizamos uma equipa de profissionais id\u00f3neos e com forma\u00e7\u00e3o para limpar a sua casa. Odivelas, Almada e Lisboa","og_url":"https:\/\/limpezasmagicas.pt\/?page_id=2","og_site_name":"Limpezas Magicas","article_modified_time":"2025-03-03T14:32:13+00:00","twitter_card":"summary_large_image","twitter_misc":{"Est. reading time":"1 minute"},"schema":{"@context":"https:\/\/schema.org","@graph":[{"@type":"WebPage","@id":"https:\/\/limpezasmagicas.pt\/?page_id=2","url":"https:\/\/limpezasmagicas.pt\/?page_id=2","name":"Servi\u00e7os de Limpeza - Limpezas Magicas","isPartOf":{"@id":"https:\/\/limpezasmagicas.pt\/#website"},"datePublished":"2024-08-26T23:19:09+00:00","dateModified":"2025-03-03T14:32:13+00:00","description":"Cansada de chegar do trabalho e ainda ter de tratar a casa? Os servi\u00e7os de limpezas para particulares e empresas das LIMPEZAS M\u00c1GICAS s\u00e3o a solu\u00e7\u00e3o que procura. Disponibilizamos uma equipa de profissionais id\u00f3neos e com forma\u00e7\u00e3o para limpar a sua casa. Odivelas, Almada e Lisboa","breadcrumb":{"@id":"https:\/\/limpezasmagicas.pt\/?page_id=2#breadcrumb"},"inLanguage":"en-US","potentialAction":[{"@type":"ReadAction","target":["https:\/\/limpezasmagicas.pt\/?page_id=2"]}]},{"@type":"BreadcrumbList","@id":"https:\/\/limpezasmagicas.pt\/?page_id=2#breadcrumb","itemListElement":[{"@type":"ListItem","position":1,"name":"Home","item":"https:\/\/limpezasmagicas.pt\/"},{"@type":"ListItem","position":2,"name":"Servi\u00e7os de Limpeza"}]},{"@type":"WebSite","@id":"https:\/\/limpezasmagicas.pt\/#website","url":"https:\/\/limpezasmagicas.pt\/","name":"Limpezas Magicas","description":"","publisher":{"@id":"https:\/\/limpezasmagicas.pt\/#organization"},"potentialAction":[{"@type":"SearchAction","target":{"@type":"EntryPoint","urlTemplate":"https:\/\/limpezasmagicas.pt\/?s={search_term_string}"},"query-input":{"@type":"PropertyValueSpecification","valueRequired":true,"valueName":"search_term_string"}}],"inLanguage":"en-US"},{"@type":"Organization","@id":"https:\/\/limpezasmagicas.pt\/#organization","name":"Limpezas Magicas","url":"https:\/\/limpezasmagicas.pt\/","logo":{"@type":"ImageObject","inLanguage":"en-US","@id":"https:\/\/limpezasmagicas.pt\/#\/schema\/logo\/image\/","url":"https:\/\/limpezasmagicas.pt\/wp-content\/uploads\/2024\/08\/limpezasmagicas_transparent.png","contentUrl":"https:\/\/limpezasmagicas.pt\/wp-content\/uploads\/2024\/08\/limpezasmagicas_transparent.png","width":1280,"height":1024,"caption":"Limpezas Magicas"},"image":{"@id":"https:\/\/limpezasmagicas.pt\/#\/schema\/logo\/image\/"}}]}},"_links":{"self":[{"href":"https:\/\/limpezasmagicas.pt\/index.php?rest_route=\/wp\/v2\/pages\/2","targetHints":{"allow":["GET"]}}],"collection":[{"href":"https:\/\/limpezasmagicas.pt\/index.php?rest_route=\/wp\/v2\/pages"}],"about":[{"href":"https:\/\/limpezasmagicas.pt\/index.php?rest_route=\/wp\/v2\/types\/page"}],"author":[{"embeddable":true,"href":"https:\/\/limpezasmagicas.pt\/index.php?rest_route=\/wp\/v2\/users\/1"}],"replies":[{"embeddable":true,"href":"https:\/\/limpezasmagicas.pt\/index.php?rest_route=%2Fwp%2Fv2%2Fcomments&post=2"}],"version-history":[{"count":7,"href":"https:\/\/limpezasmagicas.pt\/index.php?rest_route=\/wp\/v2\/pages\/2\/revisions"}],"predecessor-version":[{"id":114,"href":"https:\/\/limpezasmagicas.pt\/index.php?rest_route=\/wp\/v2\/pages\/2\/revisions\/114"}],"wp:attachment":[{"href":"https:\/\/limpezasmagicas.pt\/index.php?rest_route=%2Fwp%2Fv2%2Fmedia&parent=2"}],"curies":[{"name":"wp","href":"https:\/\/api.w.org\/{rel}","templated":true}]}}